{"id":40,"date":"2011-02-23T19:00:01","date_gmt":"2011-02-23T19:00:01","guid":{"rendered":"http:\/\/neu.volkersurmann.de\/?page_id=40"},"modified":"2022-10-17T11:50:06","modified_gmt":"2022-10-17T11:50:06","slug":"links","status":"publish","type":"page","link":"https:\/\/neu.volkersurmann.de\/?page_id=40","title":{"rendered":"Links"},"content":{"rendered":"<p>Volker Surmann distanziert sich vorsorglich, vorbeugend und hoffentlich unn\u00f6tig von den Inhalten aller hier verlinkter Seiten.<\/p>\n<p><a href=\"https:\/\/www.facebook.com\/pages\/Volker-Surmann-Autor\/666832336784701\">Volker Surmann auf Facebook<\/a><\/p>\n<p>Gute Leseb\u00fchne: <a href=\"http:\/\/www.brauseboys.de\/\" target=\"extern\" rel=\"noopener noreferrer\">Brauseboys<\/a><\/p>\n<p>Gipfeltreffen guter Leseb\u00fchnen: <a href=\"http:\/\/kantinenlesen.de\/\" target=\"extern\" rel=\"noopener noreferrer\">Kantinenlesen<\/a><\/p>\n<p>Slamtermine in Berlin: <a href=\"https:\/\/www.slamtermine.de\/\" target=\"_blank\" rel=\"noopener noreferrer\">slamtermine.de<\/a><\/p>\n<p>Poetry Slam in Berlin: <a href=\"https:\/\/www.bb-slam.de\" target=\"_blank\" rel=\"noopener noreferrer\">BB-Slam<\/a><\/p>\n<p>Guter Kabarettpreis: <a href=\"http:\/\/www.kabarett-bielefeld.de\/\" target=\"extern\" rel=\"noopener noreferrer\">Bielefelder Kabarettpreis<\/a><\/p>\n<p>Gute B\u00fccher: <a href=\"http:\/\/www.satyr-verlag.de\/\" target=\"extern\" rel=\"noopener noreferrer\">Satyr Verlag<\/a><\/p>\n<p>Darkslam-Location &amp; sowieso zweite Heimat: <a href=\"http:\/\/www.aha-berlin.de\/\" target=\"extern\" rel=\"noopener noreferrer\">AHA-Berlin e.V.<br \/>\n<\/a><\/p>\n","protected":false},"excerpt":{"rendered":"<p>Volker Surmann distanziert sich vorsorglich, vorbeugend und hoffentlich unn\u00f6tig von den Inhalten aller hier verlinkter Seiten. Volker Surmann auf Facebook Gute Leseb\u00fchne: Brauseboys Gipfeltreffen guter Leseb\u00fchnen: Kantinenlesen Slamtermine in Berlin: slamtermine.de Poetry Slam in Berlin: BB-Slam Guter Kabarettpreis: Bielefelder Kabarettpreis &hellip; <a href=\"https:\/\/neu.volkersurmann.de\/?page_id=40\">Weiterlesen <span class=\"meta-nav\">&rarr;<\/span><\/a><\/p>\n","protected":false},"author":1,"featured_media":0,"parent":0,"menu_order":0,"comment_status":"closed","ping_status":"open","template":"","meta":{"ngg_post_thumbnail":0},"_links":{"self":[{"href":"https:\/\/neu.volkersurmann.de\/index.php?rest_route=\/wp\/v2\/pages\/40"}],"collection":[{"href":"https:\/\/neu.volkersurmann.de\/index.php?rest_route=\/wp\/v2\/pages"}],"about":[{"href":"https:\/\/neu.volkersurmann.de\/index.php?rest_route=\/wp\/v2\/types\/page"}],"author":[{"embeddable":true,"href":"https:\/\/neu.volkersurmann.de\/index.php?rest_route=\/wp\/v2\/users\/1"}],"replies":[{"embeddable":true,"href":"https:\/\/neu.volkersurmann.de\/index.php?rest_route=%2Fwp%2Fv2%2Fcomments&post=40"}],"version-history":[{"count":28,"href":"https:\/\/neu.volkersurmann.de\/index.php?rest_route=\/wp\/v2\/pages\/40\/revisions"}],"predecessor-version":[{"id":2324,"href":"https:\/\/neu.volkersurmann.de\/index.php?rest_route=\/wp\/v2\/pages\/40\/revisions\/2324"}],"wp:attachment":[{"href":"https:\/\/neu.volkersurmann.de\/index.php?rest_route=%2Fwp%2Fv2%2Fmedia&parent=40"}],"curies":[{"name":"wp","href":"https:\/\/api.w.org\/{rel}","templated":true}]}}