{"id":4,"date":"2011-02-23T18:48:53","date_gmt":"2011-02-23T18:48:53","guid":{"rendered":"http:\/\/neu.volkersurmann.de\/?page_id=4"},"modified":"2022-10-17T11:45:57","modified_gmt":"2022-10-17T11:45:57","slug":"buhne","status":"publish","type":"page","link":"https:\/\/neu.volkersurmann.de\/?page_id=4","title":{"rendered":"B\u00fchne"},"content":{"rendered":"<p>Volker Surmann steht seit 1994 auf der Kabarettb\u00fchne. Seitdem sind 8 abendf\u00fcllende B\u00fchnenprogramme entstanden. Es folgten Auftritte in ganz Deutschland und \u00d6sterreich. Zudem war Volker Surmann Gast in vielen Comedy-Live-Shows (z.B. Quatsch <em>Comedyclub, Nightwash<\/em> und dem <em>Wiener Schm\u00e4hstadl<\/em>).<\/p>\n<p>2011 verlegte sich Volker Surmann auf das Schreiben und die Verlagsarbeit sowie das Auftreten als Vorleser und Poetry-Slammer. Er macht immer noch gerne Sololesungen, ein festes B\u00fchnenprogramm gibt es allerdings nicht mehr.<\/p>\n<hr \/>\n<p><strong>Bisherige B\u00fchnenprogramme<\/strong><img decoding=\"async\" loading=\"lazy\" class=\"alignright size-full wp-image-272\" title=\"Heimat, Sex &amp; Flusspferdpflege\" src=\"http:\/\/neu.volkersurmann.de\/wp-content\/uploads\/2011\/02\/grafik_aktuellesprogramm_klein.jpg\" alt=\"\" width=\"350\" height=\"500\" srcset=\"https:\/\/neu.volkersurmann.de\/wp-content\/uploads\/2011\/02\/grafik_aktuellesprogramm_klein.jpg 350w, https:\/\/neu.volkersurmann.de\/wp-content\/uploads\/2011\/02\/grafik_aktuellesprogramm_klein-210x300.jpg 210w\" sizes=\"(max-width: 350px) 100vw, 350px\" \/><\/p>\n<p>&#8211; &#8222;Heimat, Sex &amp; Flusspferdpflege&#8220; (Solo-Leseshow: 2010)<br \/>\n&#8211; &#8222;Gescheiter scheitern.&#8220; (2007)<br \/>\n&#8211; &#8222;Die wahre Nacktheit. Oder: Meine heutige Jugend&#8220; (2004)<br \/>\n&#8211; \u201cBadewanne : live\u201d (Surmann &amp; Schepansky, 2000)<br \/>\n&#8211; &#8222;Cut!&#8220; (Kabarett Der Rest, 1999)<br \/>\n&#8211; &#8222;Diesseits. Jenseits. Allerseits&#8220; (Kabarett Der Rest, 1997)<br \/>\n&#8211; &#8222;Was ist hier los.&#8220; (Kabarett Der Rest, 1995)<br \/>\n&#8211; &#8222;Unter Menschen&#8220; (Kabarett Der Rest, 1994)<\/p>\n<hr \/>\n<p><strong>Auftritte in Funk und Fernsehen<\/strong><\/p>\n<p><em>&#8222;Lange Nacht der kurzen Geschichten&#8220;<\/em> (RBB RadioFritz)<br \/>\n<em>&#8222;Rampenfieber&#8220;<\/em> (ORF\/3sat)<br \/>\n<em>&#8222;Die Vorleser&#8220;<\/em> (WDR-H\u00f6rfunk)<br \/>\n<em>&#8222;Kabarett in der Region&#8220;<\/em> (WDR-H\u00f6rfunk)<br \/>\n<em>&#8222;WDR-Poetry-Slam&#8220;<\/em> (WDR-Fernsehen)<br \/>\n<em>&#8222;Querk\u00f6pfe&#8220;<\/em> (Deutschlandfunk)<br \/>\n<em>&#8222;Kookaburra Comedy Club&#8220;<\/em> (Sat.1-Comedy)<br \/>\n<em>&#8222;Nacht der Poeten&#8220;<\/em> (SWR2)<\/p>\n","protected":false},"excerpt":{"rendered":"<p>Volker Surmann steht seit 1994 auf der Kabarettb\u00fchne. Seitdem sind 8 abendf\u00fcllende B\u00fchnenprogramme entstanden. Es folgten Auftritte in ganz Deutschland und \u00d6sterreich. Zudem war Volker Surmann Gast in vielen Comedy-Live-Shows (z.B. Quatsch Comedyclub, Nightwash und dem Wiener Schm\u00e4hstadl). 2011 verlegte &hellip; <a href=\"https:\/\/neu.volkersurmann.de\/?page_id=4\">Weiterlesen <span class=\"meta-nav\">&rarr;<\/span><\/a><\/p>\n","protected":false},"author":1,"featured_media":0,"parent":2,"menu_order":0,"comment_status":"closed","ping_status":"closed","template":"","meta":{"ngg_post_thumbnail":0},"_links":{"self":[{"href":"https:\/\/neu.volkersurmann.de\/index.php?rest_route=\/wp\/v2\/pages\/4"}],"collection":[{"href":"https:\/\/neu.volkersurmann.de\/index.php?rest_route=\/wp\/v2\/pages"}],"about":[{"href":"https:\/\/neu.volkersurmann.de\/index.php?rest_route=\/wp\/v2\/types\/page"}],"author":[{"embeddable":true,"href":"https:\/\/neu.volkersurmann.de\/index.php?rest_route=\/wp\/v2\/users\/1"}],"replies":[{"embeddable":true,"href":"https:\/\/neu.volkersurmann.de\/index.php?rest_route=%2Fwp%2Fv2%2Fcomments&post=4"}],"version-history":[{"count":25,"href":"https:\/\/neu.volkersurmann.de\/index.php?rest_route=\/wp\/v2\/pages\/4\/revisions"}],"predecessor-version":[{"id":2320,"href":"https:\/\/neu.volkersurmann.de\/index.php?rest_route=\/wp\/v2\/pages\/4\/revisions\/2320"}],"up":[{"embeddable":true,"href":"https:\/\/neu.volkersurmann.de\/index.php?rest_route=\/wp\/v2\/pages\/2"}],"wp:attachment":[{"href":"https:\/\/neu.volkersurmann.de\/index.php?rest_route=%2Fwp%2Fv2%2Fmedia&parent=4"}],"curies":[{"name":"wp","href":"https:\/\/api.w.org\/{rel}","templated":true}]}}