{"id":36,"date":"2011-02-23T18:59:31","date_gmt":"2011-02-23T18:59:31","guid":{"rendered":"http:\/\/neu.volkersurmann.de\/?page_id=36"},"modified":"2024-02-13T12:58:47","modified_gmt":"2024-02-13T12:58:47","slug":"pressematerial","status":"publish","type":"page","link":"https:\/\/neu.volkersurmann.de\/?page_id=36","title":{"rendered":"Pressematerial"},"content":{"rendered":"<p><strong>Pressetexte<\/strong><\/p>\n<p><span style=\"text-decoration: underline;\">Version 1 (ausf\u00fchrlich, &lt;1000 Zeichen):<\/span><\/p>\n<p>Volker Surmann ist Autor, Satiriker und Exil-Ostwestfale in Ostberlin. Er wuchs auf einem Bauernhof im Teutoburger Wald auf, lernte aber statt Treckerfahren mit sieben Schreibmaschineschreiben im Dreieinhalbfingersuchsystem.<br \/>\nEr stand zwanzig Jahre als Kabarettist und Comedian auf der B\u00fchne, schrieb f\u00fcr diverse TV-Comedyformate (z. B. \u201eMensch Markus\u201c) und rechnete in seinem ersten Roman \u201eDie Schwerelosigkeit der Flusspferde\u201c (2010) mit dem Comedybusiness ab.<br \/>\nEr schrieb 4 Romane und 3 Kurzgeschichtensammlungen sowie Texte f\u00fcr das Berliner Kabarett \u201eDie Stachelschweine\u201c und das Satiremagazin \u201eTitanic\u201c, Kolumnen f\u00fcr das queere Hauptstadtmagazin \u201eSiegess\u00e4ule\u201c und betreibt seit 2011 den Berliner Satyr Verlag f\u00fcr Humor und Satire. Seit 2003 liest er jeden Donnerstag bei der Vorleseb\u00fchne \u201eBrauseboys\u201c und tritt regelm\u00e4\u00dfig bei Poetry Slams in ganz Deutschland auf.<br \/>\nSein aktuellen B\u00fccher sind die Textsammlung: &#8222;Kein Schwei\u00df aufs Buch! Saunageschichten.&#8220; (2022) und der Jugendroman &#8222;Leon Hertz und die Sache mit der Traurigkeit&#8220; (2024).<\/p>\n<p><span style=\"text-decoration: underline;\">Version 2 (Kurzbiografie, &lt;500 Zeichen):<\/span><\/p>\n<p>Volker Surmann ist Autor, Satiriker, Verleger und Exil-Ostwestfale in Ostberlin. Er ver\u00f6ffentlichte Romane, Kurzgeschichten und Anthologien, schreibt f\u00fcr die Wahrheit der &#8222;taz&#8220; und andere Printmedien, verlegt B\u00fccher in seinem Satyr Verlag, liest bei der Leseb\u00fchne \u00bbBrauseboys\u00ab und tritt bei Poetry Slams im gesamten deutschsprachigen Raum auf. Zuletzt erschienen von ihm die Geschichtensammlung &#8222;Kein Schwei\u00df aufs Buch! Saunageschichten&#8220; (2022) und das Jugendbuch &#8222;Leon Hertz und die Sache mit der Traurigkeit&#8220; (2024).<\/p>\n<hr>\n<p><strong>Pressefotos<\/strong><br \/>\n<!-- default-view.php -->\n<div\n\tclass=\"ngg-galleryoverview default-view \n\t ngg-ajax-pagination-none\t\"\n\tid=\"ngg-gallery-580ffc3cb70412d73167662cc10ed694-1\">\n\n\t\t<!-- Thumbnails -->\n\t\t\t\t<div id=\"ngg-image-0\" class=\"ngg-gallery-thumbnail-box \n\t\t\t\t\t\t\t\t\t\t\t\" \n\t\t\t>\n\t\t\t\t\t\t<div class=\"ngg-gallery-thumbnail\">\n\t\t\t<a href=\"https:\/\/neu.volkersurmann.de\/wp-content\/gallery\/pressefotos_allgemein\/surmann_3_quadrat.jpg\"\n\t\t\t\ttitle=\"Foto: Ingo Hoffmann (Abdruck honorarfrei)\"\n\t\t\t\tdata-src=\"https:\/\/neu.volkersurmann.de\/wp-content\/gallery\/pressefotos_allgemein\/surmann_3_quadrat.jpg\"\n\t\t\t\tdata-thumbnail=\"https:\/\/neu.volkersurmann.de\/wp-content\/gallery\/pressefotos_allgemein\/thumbs\/thumbs_surmann_3_quadrat.jpg\"\n\t\t\t\tdata-image-id=\"66\"\n\t\t\t\tdata-title=\"surmann_3_quadrat\"\n\t\t\t\tdata-description=\"Foto: Ingo Hoffmann (Abdruck honorarfrei)\"\n\t\t\t\tdata-image-slug=\"surmann_3_quadrat\"\n\t\t\t\tclass=\"ngg-simplelightbox\" rel=\"580ffc3cb70412d73167662cc10ed694\">\n\t\t\t\t<img\n\t\t\t\t\ttitle=\"surmann_3_quadrat\"\n\t\t\t\t\talt=\"surmann_3_quadrat\"\n\t\t\t\t\tsrc=\"https:\/\/neu.volkersurmann.de\/wp-content\/gallery\/pressefotos_allgemein\/thumbs\/thumbs_surmann_3_quadrat.jpg\"\n\t\t\t\t\twidth=\"100\"\n\t\t\t\t\theight=\"100\"\n\t\t\t\t\tstyle=\"max-width:100%;\"\n\t\t\t\t\/>\n\t\t\t<\/a>\n\t\t<\/div>\n\t\t\t\t\t\t\t<\/div> \n\t\t\t\n\t\t\t\t<div id=\"ngg-image-1\" class=\"ngg-gallery-thumbnail-box \n\t\t\t\t\t\t\t\t\t\t\t\" \n\t\t\t>\n\t\t\t\t\t\t<div class=\"ngg-gallery-thumbnail\">\n\t\t\t<a href=\"https:\/\/neu.volkersurmann.de\/wp-content\/gallery\/pressefotos_allgemein\/surmann_1.jpg\"\n\t\t\t\ttitle=\"Foto: Ingo Hoffmann (Abdruck honorarfrei)\"\n\t\t\t\tdata-src=\"https:\/\/neu.volkersurmann.de\/wp-content\/gallery\/pressefotos_allgemein\/surmann_1.jpg\"\n\t\t\t\tdata-thumbnail=\"https:\/\/neu.volkersurmann.de\/wp-content\/gallery\/pressefotos_allgemein\/thumbs\/thumbs_surmann_1.jpg\"\n\t\t\t\tdata-image-id=\"73\"\n\t\t\t\tdata-title=\"surmann_1\"\n\t\t\t\tdata-description=\"Foto: Ingo Hoffmann (Abdruck honorarfrei)\"\n\t\t\t\tdata-image-slug=\"surmann_1\"\n\t\t\t\tclass=\"ngg-simplelightbox\" rel=\"580ffc3cb70412d73167662cc10ed694\">\n\t\t\t\t<img\n\t\t\t\t\ttitle=\"surmann_1\"\n\t\t\t\t\talt=\"surmann_1\"\n\t\t\t\t\tsrc=\"https:\/\/neu.volkersurmann.de\/wp-content\/gallery\/pressefotos_allgemein\/thumbs\/thumbs_surmann_1.jpg\"\n\t\t\t\t\twidth=\"100\"\n\t\t\t\t\theight=\"100\"\n\t\t\t\t\tstyle=\"max-width:100%;\"\n\t\t\t\t\/>\n\t\t\t<\/a>\n\t\t<\/div>\n\t\t\t\t\t\t\t<\/div> \n\t\t\t\n\t\t\t\t<div id=\"ngg-image-2\" class=\"ngg-gallery-thumbnail-box \n\t\t\t\t\t\t\t\t\t\t\t\" \n\t\t\t>\n\t\t\t\t\t\t<div class=\"ngg-gallery-thumbnail\">\n\t\t\t<a href=\"https:\/\/neu.volkersurmann.de\/wp-content\/gallery\/pressefotos_allgemein\/surmann-volker_fotovon_herz-martin.jpg\"\n\t\t\t\ttitle=\"Foto: Martin Herz\r\n(Abdruck honorarfrei)\"\n\t\t\t\tdata-src=\"https:\/\/neu.volkersurmann.de\/wp-content\/gallery\/pressefotos_allgemein\/surmann-volker_fotovon_herz-martin.jpg\"\n\t\t\t\tdata-thumbnail=\"https:\/\/neu.volkersurmann.de\/wp-content\/gallery\/pressefotos_allgemein\/thumbs\/thumbs_surmann-volker_fotovon_herz-martin.jpg\"\n\t\t\t\tdata-image-id=\"74\"\n\t\t\t\tdata-title=\"surmann-volker_fotovon_herz-martin\"\n\t\t\t\tdata-description=\"Foto: Martin Herz\r\n(Abdruck honorarfrei)\"\n\t\t\t\tdata-image-slug=\"surmann-volker_fotovon_herz-martin\"\n\t\t\t\tclass=\"ngg-simplelightbox\" rel=\"580ffc3cb70412d73167662cc10ed694\">\n\t\t\t\t<img\n\t\t\t\t\ttitle=\"surmann-volker_fotovon_herz-martin\"\n\t\t\t\t\talt=\"surmann-volker_fotovon_herz-martin\"\n\t\t\t\t\tsrc=\"https:\/\/neu.volkersurmann.de\/wp-content\/gallery\/pressefotos_allgemein\/thumbs\/thumbs_surmann-volker_fotovon_herz-martin.jpg\"\n\t\t\t\t\twidth=\"100\"\n\t\t\t\t\theight=\"100\"\n\t\t\t\t\tstyle=\"max-width:100%;\"\n\t\t\t\t\/>\n\t\t\t<\/a>\n\t\t<\/div>\n\t\t\t\t\t\t\t<\/div> \n\t\t\t\n\t\n\t<br style=\"clear: both\" \/>\n\n\t\n\t\t<!-- Pagination -->\n\t\t<div class='ngg-clear'><\/div>\t<\/div>\n<\/p>\n<p>Fotos: Ingo Hoffmann (Bild 1 und 2) und Martin Hertz (Bild 3)<br \/>\n(Abdruck honorarfrei)<\/p>\n","protected":false},"excerpt":{"rendered":"<p>Pressetexte Version 1 (ausf\u00fchrlich, &lt;1000 Zeichen): Volker Surmann ist Autor, Satiriker und Exil-Ostwestfale in Ostberlin. Er wuchs auf einem Bauernhof im Teutoburger Wald auf, lernte aber statt Treckerfahren mit sieben Schreibmaschineschreiben im Dreieinhalbfingersuchsystem. Er stand zwanzig Jahre als Kabarettist und &hellip; <a href=\"https:\/\/neu.volkersurmann.de\/?page_id=36\">Weiterlesen <span class=\"meta-nav\">&rarr;<\/span><\/a><\/p>\n","protected":false},"author":1,"featured_media":0,"parent":32,"menu_order":0,"comment_status":"closed","ping_status":"open","template":"","meta":{"ngg_post_thumbnail":0},"_links":{"self":[{"href":"https:\/\/neu.volkersurmann.de\/index.php?rest_route=\/wp\/v2\/pages\/36"}],"collection":[{"href":"https:\/\/neu.volkersurmann.de\/index.php?rest_route=\/wp\/v2\/pages"}],"about":[{"href":"https:\/\/neu.volkersurmann.de\/index.php?rest_route=\/wp\/v2\/types\/page"}],"author":[{"embeddable":true,"href":"https:\/\/neu.volkersurmann.de\/index.php?rest_route=\/wp\/v2\/users\/1"}],"replies":[{"embeddable":true,"href":"https:\/\/neu.volkersurmann.de\/index.php?rest_route=%2Fwp%2Fv2%2Fcomments&post=36"}],"version-history":[{"count":48,"href":"https:\/\/neu.volkersurmann.de\/index.php?rest_route=\/wp\/v2\/pages\/36\/revisions"}],"predecessor-version":[{"id":2350,"href":"https:\/\/neu.volkersurmann.de\/index.php?rest_route=\/wp\/v2\/pages\/36\/revisions\/2350"}],"up":[{"embeddable":true,"href":"https:\/\/neu.volkersurmann.de\/index.php?rest_route=\/wp\/v2\/pages\/32"}],"wp:attachment":[{"href":"https:\/\/neu.volkersurmann.de\/index.php?rest_route=%2Fwp%2Fv2%2Fmedia&parent=36"}],"curies":[{"name":"wp","href":"https:\/\/api.w.org\/{rel}","templated":true}]}}