{"id":2,"date":"2011-02-23T17:06:55","date_gmt":"2011-02-23T17:06:55","guid":{"rendered":"http:\/\/neu.volkersurmann.de\/?page_id=2"},"modified":"2025-10-13T15:29:29","modified_gmt":"2025-10-13T15:29:29","slug":"eine-seite","status":"publish","type":"page","link":"https:\/\/neu.volkersurmann.de\/","title":{"rendered":"Home"},"content":{"rendered":"<p><strong>Herzlich Willkommen <\/strong>auf der Website des Multifunktionssatirikers Volker Surmann, seines Zeichens Autor, Vorleser, Lektor, Buchmacher, Poetry-Slammer sowie Kabarettist &amp; Comedian im einstweiligen Ruhestand.<\/p>\n<p><strong>Neuigkeiten: <\/strong><\/p>\n<p><img decoding=\"async\" loading=\"lazy\" class=\"alignleft wp-image-2339\" src=\"https:\/\/neu.volkersurmann.de\/wp-content\/uploads\/2024\/02\/LeonHertzUmschlag_WEB-193x300.jpg\" alt=\"Leon Hertz und die Sache mit der Traurigkeit\" width=\"192\" height=\"299\" srcset=\"https:\/\/neu.volkersurmann.de\/wp-content\/uploads\/2024\/02\/LeonHertzUmschlag_WEB-193x300.jpg 193w, https:\/\/neu.volkersurmann.de\/wp-content\/uploads\/2024\/02\/LeonHertzUmschlag_WEB-659x1024.jpg 659w, https:\/\/neu.volkersurmann.de\/wp-content\/uploads\/2024\/02\/LeonHertzUmschlag_WEB-768x1194.jpg 768w, https:\/\/neu.volkersurmann.de\/wp-content\/uploads\/2024\/02\/LeonHertzUmschlag_WEB.jpg 800w\" sizes=\"(max-width: 192px) 100vw, 192px\" \/><\/p>\n<p><strong>Leon Hertz und die Sache mit der Traurigkeit.<br \/>\nRoman f\u00fcr Jugendliche ab 12<\/strong><\/p>\n<p>13 \u00be, heimlich verliebt und Stimmungstiefs, die genau dann anklopfen, wenn er es gar nicht gebrauchen kann \u2013 f\u00fcr Leon Hertz ist das Leben nicht einfach. Immerhin bekommt er bei seinem Referat zum Thema Tod und Trauer Unterst\u00fctzung: Der stille Rouven hilft ihm bei seinen Recherchen \u00fcber ein r\u00e4tselhaftes Holzkreuz an der Ampel.<br \/>\nLeon merkt bald, dass auch Rouven Traurigkeit kennt und sie einiges gemeinsam haben. Aber etwas scheint ihrer Freundschaft im Weg zu stehen \u2026&nbsp;<br \/>\nEine einf\u00fchlsame Geschichte \u00fcber Angst und Alleinsein, Freundschaft und Mut.<\/p>\n<p style=\"text-align: center;\"><em>Evangelischer Buchpreis 2025<br \/>\nSilberne Feder des Deutschen \u00c4rztinnenbundes 2025 (&#8222;Lobende Erw\u00e4hnung&#8220;)<\/em><br \/>\n<em>Nominierung Oldenburger Kinder- und Jugendliteraturpreis 2024<\/em><br \/>\n<em>Jugendbuch des Monats der Dt. Akademie f\u00fcr Kinder- und Jugendliteratur 2024<\/em><br \/>\n<em>&#8222;Esel des Monats&#8220; vom <\/em><em>Eselsohr (Fachzeitschrift f\u00fcr Kinder- und Jugendmedien) 2024<br \/>\nTagesspiegel-Top 5 Jugendb\u00fccher des Fr\u00fchjahrs 2024<br \/>\n<\/em><\/p>\n<p>Mixtvison Verlag (Februar 2024)<br \/>\nHardcover, 219 S., inklusive Illustrationen von Tine Schulz<br \/>\n16\u20ac, ISBN: 978-3-95854-211-2<br \/>\n\u00dcberall im Buchhandel und auch als E-Book erh\u00e4ltlich.<\/p>\n<hr>\n","protected":false},"excerpt":{"rendered":"<p>Herzlich Willkommen auf der Website des Multifunktionssatirikers Volker Surmann, seines Zeichens Autor, Vorleser, Lektor, Buchmacher, Poetry-Slammer sowie Kabarettist &amp; Comedian im einstweiligen Ruhestand. Neuigkeiten: Leon Hertz und die Sache mit der Traurigkeit. Roman f\u00fcr Jugendliche ab 12 13 \u00be, heimlich &hellip; <a href=\"https:\/\/neu.volkersurmann.de\/\">Weiterlesen <span class=\"meta-nav\">&rarr;<\/span><\/a><\/p>\n","protected":false},"author":1,"featured_media":0,"parent":0,"menu_order":0,"comment_status":"closed","ping_status":"closed","template":"","meta":{"ngg_post_thumbnail":0},"_links":{"self":[{"href":"https:\/\/neu.volkersurmann.de\/index.php?rest_route=\/wp\/v2\/pages\/2"}],"collection":[{"href":"https:\/\/neu.volkersurmann.de\/index.php?rest_route=\/wp\/v2\/pages"}],"about":[{"href":"https:\/\/neu.volkersurmann.de\/index.php?rest_route=\/wp\/v2\/types\/page"}],"author":[{"embeddable":true,"href":"https:\/\/neu.volkersurmann.de\/index.php?rest_route=\/wp\/v2\/users\/1"}],"replies":[{"embeddable":true,"href":"https:\/\/neu.volkersurmann.de\/index.php?rest_route=%2Fwp%2Fv2%2Fcomments&post=2"}],"version-history":[{"count":68,"href":"https:\/\/neu.volkersurmann.de\/index.php?rest_route=\/wp\/v2\/pages\/2\/revisions"}],"predecessor-version":[{"id":2367,"href":"https:\/\/neu.volkersurmann.de\/index.php?rest_route=\/wp\/v2\/pages\/2\/revisions\/2367"}],"wp:attachment":[{"href":"https:\/\/neu.volkersurmann.de\/index.php?rest_route=%2Fwp%2Fv2%2Fmedia&parent=2"}],"curies":[{"name":"wp","href":"https:\/\/api.w.org\/{rel}","templated":true}]}}