{"id":18,"date":"2011-02-23T18:55:07","date_gmt":"2011-02-23T18:55:07","guid":{"rendered":"http:\/\/neu.volkersurmann.de\/?page_id=18"},"modified":"2024-02-13T12:47:49","modified_gmt":"2024-02-13T12:47:49","slug":"biografie","status":"publish","type":"page","link":"https:\/\/neu.volkersurmann.de\/?page_id=18","title":{"rendered":"Biografie"},"content":{"rendered":"<p><strong>VOLKER SURMANN<\/strong><\/p>\n<p>wird 1972 in Halle (Westf.) geboren und w\u00e4chst auf einem Bauernhof im Teutoburger Wald auf.<\/p>\n<p>Schon mit 16 Jahren schickt er satirische Kurztexte an die WDR2-Sendung \u201cUnterhaltung \u00e0 la Carte\u201d. Sie werden tats\u00e4chlich gesendet. Die Sendung wird sp\u00e4ter eingestellt. Kurz darauf erste Kabarett-Versuche am Kreisgymnasium Halle. Darunter ein Weihnachtsprogramm im Juli.<\/p>\n<p>1993 bis 2001: Mitwirkung im Kabarett-Duo DER REST (gemeinsam mit Kai Ostermeier); Vier abendf\u00fcllende Programme<\/p>\n<p>1996 bis 2000: Organisation von Kabarett- und Comedyveranstaltungen in einem Jugendkulturverein in Halle (Westf.).<\/p>\n<p><img decoding=\"async\" loading=\"lazy\" class=\"alignright size-full wp-image-277\" title=\"2007: ''Gescheiter scheitern''\" src=\"http:\/\/neu.volkersurmann.de\/wp-content\/uploads\/2011\/02\/grafik_gescheiter_klein.jpg\" alt=\"\" width=\"350\" height=\"500\" srcset=\"https:\/\/neu.volkersurmann.de\/wp-content\/uploads\/2011\/02\/grafik_gescheiter_klein.jpg 350w, https:\/\/neu.volkersurmann.de\/wp-content\/uploads\/2011\/02\/grafik_gescheiter_klein-210x300.jpg 210w\" sizes=\"(max-width: 350px) 100vw, 350px\" \/>1998: Initiierung des <em>&#8222;Bielefelder Kabarettpreises&#8220;<\/em> (gemeinsam mit Ingo B\u00f6rchers). Seitdem Vorstandsmitglied des Tr\u00e4gervereins.<\/p>\n<p>1999: Mitarbeit in einem Forschungsprojekt zur deutschen Gegenwartsliteratur<\/p>\n<p>1999: Abschluss eines Germanistik- und Philosophie-Studiums an der Universit\u00e4t Bielefeld. Thema der Examensarbeit: <em>\u201cNeue Tendenzen im westdeutschen Kabarett der 90er Jahre\u201d<\/em><\/p>\n<p>1999: Produktion eines ersten Soloprogrammes <em>\u201cBadewanne : Live&#8220;<\/em>,<\/p>\n<p>2000 bis 2003: <em>\u201cBadewanne : Live&#8220;<\/em> als Duo-Programm mit Thomas Paul Schepansky (Regie: Thomas Philipzen).<\/p>\n<p>2000 bis 2002: Wissenschaftliche Hilfskraft im interdisziplin\u00e4ren DFG-Forschungsprojekt:<em> \u201cLinguistische Differenzialtypologie epileptischer und anderer anfallsartiger St\u00f6rungen. Diagnostische und therapeutische Aspekte\u201d.<\/em><\/p>\n<p>2002: Abschluss eines Autorenseminars <em>\u201cSitcom\u201d<\/em> der K\u00f6ln-Comedy-Schule (Leitung: Charles Lewinsky)<\/p>\n<p>2002: Emigration von Ostwestfalen nach Ostberlin<\/p>\n<p>2003: Mitbegr\u00fcnder der Vorleseb\u00fchne <em>&#8222;Brauseboys&#8220;<\/em> in Berlin-Wedding<\/p>\n<p>2004: Promotion zum Dr. phil. Thema der Dissertation: <em>\u201cAnfallsbilder. Metaphorische Konzepte im Sprechen anfallskranker Menschen\u201d<\/em><\/p>\n<p>Seit 2004: Selbstst\u00e4ndiger Multifunktions-Satiriker in Vollzeit-Selbstausbeutung<\/p>\n<p>2004: Neues Soloprogramm <em>&#8222;Die wahre Nacktheit. Oder: Meine heutige Jugend.&#8220;<\/em><\/p>\n<p>2004: Absolvent des Sketch-Comedy-Autorenseminars von <em>&#8222;Sat.1-Talents&#8220;<\/em> an der Berliner Universit\u00e4t der K\u00fcnste (Leitung: Dietmar Jacobs, Moritz Netenjakob)<\/p>\n<p>Seit 2005: Vermehrte T\u00e4tigkeit als Autor f\u00fcr Fernsehcomedy, Kabarett, B\u00fchne und Print<\/p>\n<p>2005: Urauff\u00fchrung seines Kabarett-St\u00fccks <em>&#8222;Besetzt&#8220;<\/em> in den Berliner <em>&#8222;Stachelschweinen&#8220;<\/em>, 2008 Neuinszenierung.<\/p>\n<p>Herbst 2007: Neues Soloprogramm <em>\u201cGescheiter scheitern\u201d<\/em><\/p>\n<p>Seit 2008: Herausgabe von mehreren Anthologien f\u00fcr den Berliner Satyr Verlag<\/p>\n<p>2010: Erster Roman: <em>\u201cDie Schwerelosigkeit der Flusspferde\u201d<\/em>. Im Sommer hat das neue Solo-Programm <em>&#8222;Heimat, Sex &amp; Flusspferdpflege&#8220;<\/em> Premiere (eine Solo-Lese-Show)<\/p>\n<p>2010-2011: Moderator der Showreihe <em>&#8222;Sex &#8211; Von Spa\u00df war nie die Rede&#8220;<\/em> im BKA-Theater<\/p>\n<p>2010: Lektor f\u00fcr den Satyr Verlag. Seit Februar 2011 zus\u00e4tzlich Programmchef, seit Septmber 2011 dessen alleiniger Eigent\u00fcmer.<\/p>\n<p>2010\/2011: Teilnahme in der sog. &#8222;Kabarettbundesliga&#8220;<\/p>\n<p>2011: Einstellung der T\u00e4tigkeit als Kabarettist und Comedian, Konzentration auf die T\u00e4tigkeiten als Verleger, Autor, Vorleser und Poetry Slammer<\/p>\n<p>2012: Erste Solo-Geschichtensammlung <em>&#8222;Lieber Bauernsohn als Lehrerkind&#8220;<\/em><\/p>\n<p>2014: Zweiter Roman <em>&#8222;Extremely Cold Water&#8220;<\/em><\/p>\n<p>2015: Dritter Roman <em>&#8222;Mami, warum sind hier nur M\u00e4nner?&#8220;<\/em><\/p>\n<p>2017: Zweite Geschichtensammlung <em>&#8222;Blo\u00dfmenschen. Sch\u00f6ner sch\u00e4men f\u00fcr alle&#8220;<\/em><\/p>\n<p>2022: Dritte Geschichtensammlung <em>&#8222;Kein Schwei\u00df aufs Buch! Saunageschichten&#8220;<\/em><\/p>\n<p>2024: Vierter Roman <em>&#8222;Leon Hertz und die Sache mit der Traurigkeit&#8220;<\/em> (Jugendbuch)<\/p>\n<hr>\n<p><strong>Preise:<\/strong><\/p>\n<p><em>&#8222;Goldenen Backnanger Treppe&#8220;<\/em> (2008) &#8211; 1. Platz<br \/>\n<em>\u201cFohlen von Niedersachsen\u201d<\/em> (2005) &#8211; 2. Platz<br \/>\n<em>&#8222;Silberne Lorbeeren des Gaffenberg Festivals&#8220;<\/em> (Sparte Comedy, 2004)<br \/>\n<em>\u201cLangen Nacht der kurzen Geschichten\u201d<\/em> auf RBB-FRITZ (2002) &#8211; 2. Platz<br \/>\n<em>&#8222;Goldenen Kleinkunstnagel&#8220;<\/em>, Wien (2000, Surmann &amp; Schepansky) &#8211; 3. Platz<br \/>\n<em>&#8222;Scharfrichterbeil Passau&#8220;<\/em> (1999) &#8211; 3. Platz<\/p>\n<p>sowie zahllose Nominierungen f\u00fcr diverse Kleinkunstpreise<\/p>\n","protected":false},"excerpt":{"rendered":"<p>VOLKER SURMANN wird 1972 in Halle (Westf.) geboren und w\u00e4chst auf einem Bauernhof im Teutoburger Wald auf. Schon mit 16 Jahren schickt er satirische Kurztexte an die WDR2-Sendung \u201cUnterhaltung \u00e0 la Carte\u201d. Sie werden tats\u00e4chlich gesendet. Die Sendung wird sp\u00e4ter &hellip; <a href=\"https:\/\/neu.volkersurmann.de\/?page_id=18\">Weiterlesen <span class=\"meta-nav\">&rarr;<\/span><\/a><\/p>\n","protected":false},"author":1,"featured_media":0,"parent":2,"menu_order":0,"comment_status":"closed","ping_status":"open","template":"","meta":{"ngg_post_thumbnail":0},"_links":{"self":[{"href":"https:\/\/neu.volkersurmann.de\/index.php?rest_route=\/wp\/v2\/pages\/18"}],"collection":[{"href":"https:\/\/neu.volkersurmann.de\/index.php?rest_route=\/wp\/v2\/pages"}],"about":[{"href":"https:\/\/neu.volkersurmann.de\/index.php?rest_route=\/wp\/v2\/types\/page"}],"author":[{"embeddable":true,"href":"https:\/\/neu.volkersurmann.de\/index.php?rest_route=\/wp\/v2\/users\/1"}],"replies":[{"embeddable":true,"href":"https:\/\/neu.volkersurmann.de\/index.php?rest_route=%2Fwp%2Fv2%2Fcomments&post=18"}],"version-history":[{"count":22,"href":"https:\/\/neu.volkersurmann.de\/index.php?rest_route=\/wp\/v2\/pages\/18\/revisions"}],"predecessor-version":[{"id":2344,"href":"https:\/\/neu.volkersurmann.de\/index.php?rest_route=\/wp\/v2\/pages\/18\/revisions\/2344"}],"up":[{"embeddable":true,"href":"https:\/\/neu.volkersurmann.de\/index.php?rest_route=\/wp\/v2\/pages\/2"}],"wp:attachment":[{"href":"https:\/\/neu.volkersurmann.de\/index.php?rest_route=%2Fwp%2Fv2%2Fmedia&parent=18"}],"curies":[{"name":"wp","href":"https:\/\/api.w.org\/{rel}","templated":true}]}}