{"id":14,"date":"2011-02-23T18:53:59","date_gmt":"2011-02-23T18:53:59","guid":{"rendered":"http:\/\/neu.volkersurmann.de\/?page_id=14"},"modified":"2025-03-15T16:25:38","modified_gmt":"2025-03-15T16:25:38","slug":"vorleser","status":"publish","type":"page","link":"https:\/\/neu.volkersurmann.de\/?page_id=14","title":{"rendered":"Autor &#038; Vorleser"},"content":{"rendered":"<p><strong>Vorleser<\/strong><\/p>\n<p>Seit ihrer Gr\u00fcndung im M\u00e4rz 2003 ist Volker Surmann Mitglied der Berliner Vorleseb\u00fchne <a href=\"http:\/\/www.brauseboys.de\" target=\"extern\" rel=\"noopener noreferrer\">&#8222;Die Brauseboys&#8220;<\/a>.<\/p>\n<p>Regelm\u00e4\u00dfige Teilnahme bei diversen Poetry Slams im deutschsprachigen Raum.<\/p>\n<p><img decoding=\"async\" loading=\"lazy\" class=\"aligncenter size-large wp-image-2346\" src=\"https:\/\/neu.volkersurmann.de\/wp-content\/uploads\/2024\/02\/Gruppenbild_Brauseboys_2023_HDS_quer-1024x712.jpg\" alt=\"Brauseboys\" width=\"640\" height=\"445\" srcset=\"https:\/\/neu.volkersurmann.de\/wp-content\/uploads\/2024\/02\/Gruppenbild_Brauseboys_2023_HDS_quer-1024x712.jpg 1024w, https:\/\/neu.volkersurmann.de\/wp-content\/uploads\/2024\/02\/Gruppenbild_Brauseboys_2023_HDS_quer-300x209.jpg 300w, https:\/\/neu.volkersurmann.de\/wp-content\/uploads\/2024\/02\/Gruppenbild_Brauseboys_2023_HDS_quer-768x534.jpg 768w, https:\/\/neu.volkersurmann.de\/wp-content\/uploads\/2024\/02\/Gruppenbild_Brauseboys_2023_HDS_quer-1536x1068.jpg 1536w, https:\/\/neu.volkersurmann.de\/wp-content\/uploads\/2024\/02\/Gruppenbild_Brauseboys_2023_HDS_quer-2048x1424.jpg 2048w\" sizes=\"(max-width: 640px) 100vw, 640px\" \/><\/p>\n<p>&nbsp;<\/p>\n<hr>\n<p><strong>Autor von Prosa &amp; Satire<\/strong><\/p>\n<p>Seit 2003: Autor zahlloser Kurzgeschichten, Satiren und anderer Ver\u00f6ffentlichungen in diversen Magazinen und Anthologien.<\/p>\n<p>2010: Erster Roman <em>&#8222;Die Schwerelosigkeit der Flusspferde&#8220;<\/em> (Querverlag)<\/p>\n<p>2012: Kurzgeschichtensammlung <em>&#8222;Lieber Bauernsohn als Lehrerkind&#8220; <\/em>(Satyr)<em> \/ &#8222;Ein Bauernsohn macht sich vom Acker&#8220; <\/em>(TB bei Bastei-L\u00fcbbe)<\/p>\n<p>2014: Zweiter Roman <em>&#8222;Extremely Cold Water&#8220;<\/em> (Voland &amp; Quist)<\/p>\n<p>2015: Dritter Roman <em>&#8222;Mami, warum sind hier nur M\u00e4nner?&#8220;<\/em> (Goldmann)<\/p>\n<p>2017: Kurzgeschichtensammlung <em>&#8222;Blo\u00dfmenschen. Sch\u00f6ner sch\u00e4men f\u00fcr alle&#8220;<\/em> (Satyr)<\/p>\n<p>2022: Kurzgeschichtensammlung <em>&#8222;Kein Schwei\u00df aufs Buch! Saunageschichten&#8220; <\/em>(Satyr)<em><br><\/em><\/p>\n<p>2024: Jugendbuch <em>&#8222;Leon Hertz und die Sache mit der Traurigkeit&#8220;<\/em> (Mixtvision)<\/p>\n<p>2025: Evangelischer Buchpreis f\u00fcr <em>&#8222;Leon Hertz und die Sache mit der Traurigkeit&#8220;<\/em><\/p>\n<hr>\n<p><strong>Autor f\u00fcr TV &amp; Radio<\/strong><\/p>\n<p>Volker Surmann schrieb in grauer Vorzeit u.a. f\u00fcr folgende TV-Formate:<\/p>\n<p>Sat1: <em>\u201cMensch Markus\u201d, &#8222;Einfach Bach\u201d <\/em>mit Dirk Bach, <em>\u201cDeutschland ist sch\u00f6n\u201d, \u201cWeibsbilder\u201d, \u201cDie Dreisten Drei\u201d, \u201cMensch Markus Spezial\u201d<\/em> (Setautor), <em>\u201dWas guckst Du?!\u201d<\/em> (Au\u00dfenautor), <em>\u201cAnkeLateNight\u201d<\/em> (Au\u00dfenautor)<\/p>\n<p>RTL: <em>\u201cDie Wunderbar\u201d, \u201cRTL ComedyNacht\u201d<\/em> (Setautor), <em>\u201cRTL Freitag Nacht News\u201d<\/em> (Au\u00dfenautor)<\/p>\n<hr>\n<p><strong>Autor f\u00fcr Printmedien<\/strong><\/p>\n<p>Zurzeit schreibt Volker regelm\u00e4\u00dfig f\u00fcr die taz und Neues Deutschland, ansonsten erschienen zahlreiche Beitr\u00e4ge von ihm schon in TITANIC-Magazin, SIEGESS\u00c4ULE (schwullesbisches Zentralorgan der Hauptstadt) und einzelne Texte in Berliner Morgenpost, Das Magazin, Salbader, EXOT, JungleWorld, Welt am Sonntag u.a.<\/p>\n<hr>\n<p><strong>Autor f\u00fcr B\u00fchne (Kabarett &amp; Comedy)<\/strong><\/p>\n<p>2005: Kabarett-St\u00fcck <em>&#8222;BESETZT&#8220;<\/em> f\u00fcr die Berliner <em>\u201cStachelschweine\u201d<\/em> (lief bis Juli 2015)<em><br><\/em><\/p>\n<p>2005 &#8211; 2017: Hausautor der <em>\u201cStachelschweine\u201d, <\/em>Mitarbeit an allen Jahresprogrammen<\/p>\n<p>2010: Auftragsproduktion <em>&#8222;fernbedient. Eine TV-Kom\u00f6die&#8220; <\/em>(zusammen mit Christoph Baer), Kabarettprogramm f\u00fcr Oliver Trautwein und Alexander Hetterle. <a href=\"http:\/\/www.fernbedient.com\" target=\"extern\" rel=\"noopener noreferrer\">www.fernbedient.com<\/a> <em><br><\/em><\/p>\n<p>Diverse Texte und \u00dcberarbeitungen f\u00fcr B\u00fchnenkollegen (z.B. Ingo B\u00f6rchers, Yana K\u00fchze) und das Freie K\u00fcsten Kabarett FKK.<\/p>\n\n\n<p><\/p>\n","protected":false},"excerpt":{"rendered":"<p>Vorleser Seit ihrer Gr\u00fcndung im M\u00e4rz 2003 ist Volker Surmann Mitglied der Berliner Vorleseb\u00fchne &#8222;Die Brauseboys&#8220;. Regelm\u00e4\u00dfige Teilnahme bei diversen Poetry Slams im deutschsprachigen Raum. &nbsp; Autor von Prosa &amp; Satire Seit 2003: Autor zahlloser Kurzgeschichten, Satiren und anderer Ver\u00f6ffentlichungen &hellip; <a href=\"https:\/\/neu.volkersurmann.de\/?page_id=14\">Weiterlesen <span class=\"meta-nav\">&rarr;<\/span><\/a><\/p>\n","protected":false},"author":1,"featured_media":0,"parent":2,"menu_order":0,"comment_status":"closed","ping_status":"closed","template":"","meta":{"ngg_post_thumbnail":0},"_links":{"self":[{"href":"https:\/\/neu.volkersurmann.de\/index.php?rest_route=\/wp\/v2\/pages\/14"}],"collection":[{"href":"https:\/\/neu.volkersurmann.de\/index.php?rest_route=\/wp\/v2\/pages"}],"about":[{"href":"https:\/\/neu.volkersurmann.de\/index.php?rest_route=\/wp\/v2\/types\/page"}],"author":[{"embeddable":true,"href":"https:\/\/neu.volkersurmann.de\/index.php?rest_route=\/wp\/v2\/users\/1"}],"replies":[{"embeddable":true,"href":"https:\/\/neu.volkersurmann.de\/index.php?rest_route=%2Fwp%2Fv2%2Fcomments&post=14"}],"version-history":[{"count":46,"href":"https:\/\/neu.volkersurmann.de\/index.php?rest_route=\/wp\/v2\/pages\/14\/revisions"}],"predecessor-version":[{"id":2358,"href":"https:\/\/neu.volkersurmann.de\/index.php?rest_route=\/wp\/v2\/pages\/14\/revisions\/2358"}],"up":[{"embeddable":true,"href":"https:\/\/neu.volkersurmann.de\/index.php?rest_route=\/wp\/v2\/pages\/2"}],"wp:attachment":[{"href":"https:\/\/neu.volkersurmann.de\/index.php?rest_route=%2Fwp%2Fv2%2Fmedia&parent=14"}],"curies":[{"name":"wp","href":"https:\/\/api.w.org\/{rel}","templated":true}]}}